{"id":2,"date":"2017-04-21T13:33:52","date_gmt":"2017-04-21T11:33:52","guid":{"rendered":"http:\/\/adrienwalpole.com\/?page_id=2"},"modified":"2017-06-13T13:53:15","modified_gmt":"2017-06-13T11:53:15","slug":"commande","status":"publish","type":"page","link":"https:\/\/adrienwalpole.com\/index.php\/commande\/","title":{"rendered":"Commander"},"content":{"rendered":"<table>\n<tbody>\n<tr>\n<td>\n<h1><img loading=\"lazy\" decoding=\"async\" class=\"alignnone size-medium wp-image-81\" src=\"https:\/\/adrienwalpole.com\/wp-content\/uploads\/2017\/04\/ALIOUA-Elle--300x246.png\" alt=\"Elle-me-disait\" width=\"300\" height=\"246\" srcset=\"https:\/\/adrienwalpole.com\/wp-content\/uploads\/2017\/04\/ALIOUA-Elle--300x246.png 300w, https:\/\/adrienwalpole.com\/wp-content\/uploads\/2017\/04\/ALIOUA-Elle--768x631.png 768w, https:\/\/adrienwalpole.com\/wp-content\/uploads\/2017\/04\/ALIOUA-Elle--1024x841.png 1024w, https:\/\/adrienwalpole.com\/wp-content\/uploads\/2017\/04\/ALIOUA-Elle--330x270.png 330w, https:\/\/adrienwalpole.com\/wp-content\/uploads\/2017\/04\/ALIOUA-Elle-.png 1482w\" sizes=\"auto, (max-width: 300px) 100vw, 300px\" \/><\/h1>\n<\/td>\n<td>\n<h1><strong>Elle me disait<\/strong><\/h1>\n<p><em>Adrien Walpole<\/em><\/p>\n<ul>\n<li>Tirage limit\u00e9 \u00e0 150 exemplaires<\/li>\n<li>120 pages<\/li>\n<li>2017<\/li>\n<\/ul>\n<\/td>\n<\/tr>\n<tr>\n<td>\n<h3><strong>Prix<\/strong><\/h3>\n<ul>\n<li>Prix unitaire: 13\u20ac<\/li>\n<li>5 exemplaires : 50\u20ac<\/li>\n<\/ul>\n<\/td>\n<td>\n<h3><strong>Autres points<\/strong><\/h3>\n<ul>\n<li>Livraison gratuite !<\/li>\n<li>D\u00e9dicace de l&rsquo;auteur<\/li>\n<\/ul>\n<\/td>\n<\/tr>\n<tr>\n<td>\n<h3 style=\"text-align: left;\"><strong>Paiement par ch\u00e8que<\/strong><\/h3>\n<p style=\"text-align: left;\">En\u00a0compl\u00e9tant le formulaire ci dessous<\/p>\n<p style=\"text-align: center;\">[contact-form-7 id=\u00a0\u00bb178&Prime; title=\u00a0\u00bbFormulaire de contact 1&Prime;]<\/p>\n<p>&nbsp;<\/td>\n<td>\n<form action=\"https:\/\/www.paypal.com\/cgi-bin\/webscr\" method=\"post\" target=\"_top\">\n<h3 style=\"text-align: left;\"><input name=\"cmd\" type=\"hidden\" value=\"_s-xclick\" \/><strong>Paiement Paypal<\/strong><\/h3>\n<p style=\"text-align: center;\"><strong><input name=\"hosted_button_id\" type=\"hidden\" value=\"B7263Q95CMKQ8\" \/><\/strong><\/p>\n<table class=\" aligncenter\">\n<tbody>\n<tr>\n<td><strong><input name=\"on0\" type=\"hidden\" value=\"Nombre d'exemplaires\" \/><\/strong>Nombre d&rsquo;exemplaires<\/td>\n<\/tr>\n<tr>\n<td><select name=\"os0\"><option value=\"1 exemplaire\">1 exemplaire \u20ac13,00 EUR<\/option><option value=\"5 exemplaires\">5 exemplaires \u20ac50,00 EUR<\/option><\/select><\/td>\n<\/tr>\n<\/tbody>\n<\/table>\n<p><input name=\"currency_code\" type=\"hidden\" value=\"EUR\" \/><br \/>\n<input alt=\"PayPal, le r\u00e9flexe s\u00e9curit\u00e9 pour payer en ligne\" name=\"submit\" src=\"https:\/\/www.paypalobjects.com\/fr_FR\/FR\/i\/btn\/btn_buynowCC_LG.gif\" type=\"image\" \/><br \/>\n<img loading=\"lazy\" decoding=\"async\" class=\"aligncenter\" src=\"https:\/\/www.paypalobjects.com\/fr_FR\/i\/scr\/pixel.gif\" alt=\"\" width=\"1\" height=\"1\" border=\"0\" \/><\/p>\n<\/form>\n<\/td>\n<\/tr>\n<\/tbody>\n<\/table>\n","protected":false},"excerpt":{"rendered":"<p>Elle me disait Adrien Walpole Tirage limit\u00e9 \u00e0 150 exemplaires 120 pages 2017 Prix Prix unitaire: 13\u20ac 5 exemplaires : 50\u20ac Autres points&#8230;<\/p>\n","protected":false},"author":1,"featured_media":0,"parent":0,"menu_order":0,"comment_status":"closed","ping_status":"closed","template":"page-full-width.php","meta":{"footnotes":""},"class_list":["post-2","page","type-page","status-publish","hentry"],"yoast_head":"<!-- This site is optimized with the Yoast SEO plugin v23.1 - https:\/\/yoast.com\/wordpress\/plugins\/seo\/ -->\n<title>Commander - Adrien Walpole<\/title>\n<meta name=\"robots\" content=\"index, follow, max-snippet:-1, max-image-preview:large, max-video-preview:-1\" \/>\n<link rel=\"canonical\" href=\"https:\/\/adrienwalpole.com\/index.php\/commande\/\" \/>\n<meta property=\"og:locale\" content=\"fr_FR\" \/>\n<meta property=\"og:type\" content=\"article\" \/>\n<meta property=\"og:title\" content=\"Commander - Adrien Walpole\" \/>\n<meta property=\"og:description\" content=\"Elle me disait Adrien Walpole Tirage limit\u00e9 \u00e0 150 exemplaires 120 pages 2017 Prix Prix unitaire: 13\u20ac 5 exemplaires : 50\u20ac Autres points...\" \/>\n<meta property=\"og:url\" content=\"https:\/\/adrienwalpole.com\/index.php\/commande\/\" \/>\n<meta property=\"og:site_name\" content=\"Adrien Walpole\" \/>\n<meta property=\"article:modified_time\" content=\"2017-06-13T11:53:15+00:00\" \/>\n<meta property=\"og:image\" content=\"http:\/\/adrienwalpole.com\/wp-content\/uploads\/2017\/04\/ALIOUA-Elle--300x246.png\" \/>\n<meta name=\"twitter:card\" content=\"summary_large_image\" \/>\n<script type=\"application\/ld+json\" class=\"yoast-schema-graph\">{\"@context\":\"https:\/\/schema.org\",\"@graph\":[{\"@type\":\"WebPage\",\"@id\":\"https:\/\/adrienwalpole.com\/index.php\/commande\/\",\"url\":\"https:\/\/adrienwalpole.com\/index.php\/commande\/\",\"name\":\"Commander - Adrien Walpole\",\"isPartOf\":{\"@id\":\"https:\/\/adrienwalpole.com\/#website\"},\"primaryImageOfPage\":{\"@id\":\"https:\/\/adrienwalpole.com\/index.php\/commande\/#primaryimage\"},\"image\":{\"@id\":\"https:\/\/adrienwalpole.com\/index.php\/commande\/#primaryimage\"},\"thumbnailUrl\":\"http:\/\/adrienwalpole.com\/wp-content\/uploads\/2017\/04\/ALIOUA-Elle--300x246.png\",\"datePublished\":\"2017-04-21T11:33:52+00:00\",\"dateModified\":\"2017-06-13T11:53:15+00:00\",\"breadcrumb\":{\"@id\":\"https:\/\/adrienwalpole.com\/index.php\/commande\/#breadcrumb\"},\"inLanguage\":\"fr-FR\",\"potentialAction\":[{\"@type\":\"ReadAction\",\"target\":[\"https:\/\/adrienwalpole.com\/index.php\/commande\/\"]}]},{\"@type\":\"ImageObject\",\"inLanguage\":\"fr-FR\",\"@id\":\"https:\/\/adrienwalpole.com\/index.php\/commande\/#primaryimage\",\"url\":\"http:\/\/adrienwalpole.com\/wp-content\/uploads\/2017\/04\/ALIOUA-Elle--300x246.png\",\"contentUrl\":\"http:\/\/adrienwalpole.com\/wp-content\/uploads\/2017\/04\/ALIOUA-Elle--300x246.png\"},{\"@type\":\"BreadcrumbList\",\"@id\":\"https:\/\/adrienwalpole.com\/index.php\/commande\/#breadcrumb\",\"itemListElement\":[{\"@type\":\"ListItem\",\"position\":1,\"name\":\"Accueil\",\"item\":\"https:\/\/adrienwalpole.com\/\"},{\"@type\":\"ListItem\",\"position\":2,\"name\":\"Commander\"}]},{\"@type\":\"WebSite\",\"@id\":\"https:\/\/adrienwalpole.com\/#website\",\"url\":\"https:\/\/adrienwalpole.com\/\",\"name\":\"Adrien Walpole\",\"description\":\"ELLE ME DISAIT\",\"publisher\":{\"@id\":\"https:\/\/adrienwalpole.com\/#\/schema\/person\/4c1226a50ff7aa65133f741e23562fda\"},\"potentialAction\":[{\"@type\":\"SearchAction\",\"target\":{\"@type\":\"EntryPoint\",\"urlTemplate\":\"https:\/\/adrienwalpole.com\/?s={search_term_string}\"},\"query-input\":\"required name=search_term_string\"}],\"inLanguage\":\"fr-FR\"},{\"@type\":[\"Person\",\"Organization\"],\"@id\":\"https:\/\/adrienwalpole.com\/#\/schema\/person\/4c1226a50ff7aa65133f741e23562fda\",\"name\":\"Adrien Walpole\",\"image\":{\"@type\":\"ImageObject\",\"inLanguage\":\"fr-FR\",\"@id\":\"https:\/\/adrienwalpole.com\/#\/schema\/person\/image\/\",\"url\":\"https:\/\/secure.gravatar.com\/avatar\/fbe339c4cf3a2ca1bd12665efb3a4100c4e742ce25448c34b4632e3e0a4ac903?s=96&r=g\",\"contentUrl\":\"https:\/\/secure.gravatar.com\/avatar\/fbe339c4cf3a2ca1bd12665efb3a4100c4e742ce25448c34b4632e3e0a4ac903?s=96&r=g\",\"caption\":\"Adrien Walpole\"},\"logo\":{\"@id\":\"https:\/\/adrienwalpole.com\/#\/schema\/person\/image\/\"}}]}<\/script>\n<!-- \/ Yoast SEO plugin. -->","yoast_head_json":{"title":"Commander - Adrien Walpole","robots":{"index":"index","follow":"follow","max-snippet":"max-snippet:-1","max-image-preview":"max-image-preview:large","max-video-preview":"max-video-preview:-1"},"canonical":"https:\/\/adrienwalpole.com\/index.php\/commande\/","og_locale":"fr_FR","og_type":"article","og_title":"Commander - Adrien Walpole","og_description":"Elle me disait Adrien Walpole Tirage limit\u00e9 \u00e0 150 exemplaires 120 pages 2017 Prix Prix unitaire: 13\u20ac 5 exemplaires : 50\u20ac Autres points...","og_url":"https:\/\/adrienwalpole.com\/index.php\/commande\/","og_site_name":"Adrien Walpole","article_modified_time":"2017-06-13T11:53:15+00:00","og_image":[{"url":"http:\/\/adrienwalpole.com\/wp-content\/uploads\/2017\/04\/ALIOUA-Elle--300x246.png"}],"twitter_card":"summary_large_image","schema":{"@context":"https:\/\/schema.org","@graph":[{"@type":"WebPage","@id":"https:\/\/adrienwalpole.com\/index.php\/commande\/","url":"https:\/\/adrienwalpole.com\/index.php\/commande\/","name":"Commander - Adrien Walpole","isPartOf":{"@id":"https:\/\/adrienwalpole.com\/#website"},"primaryImageOfPage":{"@id":"https:\/\/adrienwalpole.com\/index.php\/commande\/#primaryimage"},"image":{"@id":"https:\/\/adrienwalpole.com\/index.php\/commande\/#primaryimage"},"thumbnailUrl":"http:\/\/adrienwalpole.com\/wp-content\/uploads\/2017\/04\/ALIOUA-Elle--300x246.png","datePublished":"2017-04-21T11:33:52+00:00","dateModified":"2017-06-13T11:53:15+00:00","breadcrumb":{"@id":"https:\/\/adrienwalpole.com\/index.php\/commande\/#breadcrumb"},"inLanguage":"fr-FR","potentialAction":[{"@type":"ReadAction","target":["https:\/\/adrienwalpole.com\/index.php\/commande\/"]}]},{"@type":"ImageObject","inLanguage":"fr-FR","@id":"https:\/\/adrienwalpole.com\/index.php\/commande\/#primaryimage","url":"http:\/\/adrienwalpole.com\/wp-content\/uploads\/2017\/04\/ALIOUA-Elle--300x246.png","contentUrl":"http:\/\/adrienwalpole.com\/wp-content\/uploads\/2017\/04\/ALIOUA-Elle--300x246.png"},{"@type":"BreadcrumbList","@id":"https:\/\/adrienwalpole.com\/index.php\/commande\/#breadcrumb","itemListElement":[{"@type":"ListItem","position":1,"name":"Accueil","item":"https:\/\/adrienwalpole.com\/"},{"@type":"ListItem","position":2,"name":"Commander"}]},{"@type":"WebSite","@id":"https:\/\/adrienwalpole.com\/#website","url":"https:\/\/adrienwalpole.com\/","name":"Adrien Walpole","description":"ELLE ME DISAIT","publisher":{"@id":"https:\/\/adrienwalpole.com\/#\/schema\/person\/4c1226a50ff7aa65133f741e23562fda"},"potentialAction":[{"@type":"SearchAction","target":{"@type":"EntryPoint","urlTemplate":"https:\/\/adrienwalpole.com\/?s={search_term_string}"},"query-input":"required name=search_term_string"}],"inLanguage":"fr-FR"},{"@type":["Person","Organization"],"@id":"https:\/\/adrienwalpole.com\/#\/schema\/person\/4c1226a50ff7aa65133f741e23562fda","name":"Adrien Walpole","image":{"@type":"ImageObject","inLanguage":"fr-FR","@id":"https:\/\/adrienwalpole.com\/#\/schema\/person\/image\/","url":"https:\/\/secure.gravatar.com\/avatar\/fbe339c4cf3a2ca1bd12665efb3a4100c4e742ce25448c34b4632e3e0a4ac903?s=96&r=g","contentUrl":"https:\/\/secure.gravatar.com\/avatar\/fbe339c4cf3a2ca1bd12665efb3a4100c4e742ce25448c34b4632e3e0a4ac903?s=96&r=g","caption":"Adrien Walpole"},"logo":{"@id":"https:\/\/adrienwalpole.com\/#\/schema\/person\/image\/"}}]}},"_links":{"self":[{"href":"https:\/\/adrienwalpole.com\/index.php\/wp-json\/wp\/v2\/pages\/2","targetHints":{"allow":["GET"]}}],"collection":[{"href":"https:\/\/adrienwalpole.com\/index.php\/wp-json\/wp\/v2\/pages"}],"about":[{"href":"https:\/\/adrienwalpole.com\/index.php\/wp-json\/wp\/v2\/types\/page"}],"author":[{"embeddable":true,"href":"https:\/\/adrienwalpole.com\/index.php\/wp-json\/wp\/v2\/users\/1"}],"replies":[{"embeddable":true,"href":"https:\/\/adrienwalpole.com\/index.php\/wp-json\/wp\/v2\/comments?post=2"}],"version-history":[{"count":40,"href":"https:\/\/adrienwalpole.com\/index.php\/wp-json\/wp\/v2\/pages\/2\/revisions"}],"predecessor-version":[{"id":313,"href":"https:\/\/adrienwalpole.com\/index.php\/wp-json\/wp\/v2\/pages\/2\/revisions\/313"}],"wp:attachment":[{"href":"https:\/\/adrienwalpole.com\/index.php\/wp-json\/wp\/v2\/media?parent=2"}],"curies":[{"name":"wp","href":"https:\/\/api.w.org\/{rel}","templated":true}]}}